{"id":908,"date":"2026-01-13T13:01:11","date_gmt":"2026-01-13T13:01:11","guid":{"rendered":"https:\/\/rslbaltic.eu\/?post_type=product&#038;p=908"},"modified":"2026-02-24T11:46:09","modified_gmt":"2026-02-24T11:46:09","slug":"rsl-pro-line-rakeciu-krepsys-x-12","status":"publish","type":"product","link":"https:\/\/rslbaltic.eu\/en\/product\/rsl-pro-line-rakeciu-krepsys-x-12\/","title":{"rendered":"RSL Pro Line rake\u010di\u0173 krep\u0161ys x 12"},"content":{"rendered":"<p>RSL Pro Line RB912 rake\u010di\u0173 krep\u0161ys, kuriame telpa 12 rake\u010di\u0173.<\/p>\n<p>Spalva: juoda<\/p>\n<p>Matmenys: 725 x 300 x 335 mm<\/p>\n<p>Raketes krep\u0161ys su termo skyriumi, kad rake\u010di\u0173 stygos ilgiau i\u0161likt\u0173 kietos.<\/p>\n<p>Su \u0161onin\u0117mis ki\u0161en\u0117mis.<\/p>","protected":false},"excerpt":{"rendered":"<p>RSL Pro Line RB912 rake\u010di\u0173 krep\u0161ys, kuriame telpa 12 rake\u010di\u0173.<\/p>\n<p>Spalva: juoda<\/p>\n<p>Matmenys: 725 x 300 x 335 mm<\/p>\n<p>Raketes krep\u0161ys su termo skyriumi, kad rake\u010di\u0173 stygos ilgiau i\u0161likt\u0173 kietos.<\/p>\n<p>Su \u0161onin\u0117mis ki\u0161en\u0117mis.<\/p>","protected":false},"featured_media":911,"template":"","meta":[],"product_brand":[],"product_cat":[57],"product_tag":[],"class_list":{"0":"post-908","1":"product","2":"type-product","3":"status-publish","4":"has-post-thumbnail","6":"product_cat-kuprines-krepsiai","8":"first","9":"onbackorder","10":"sale","11":"taxable","12":"shipping-taxable","13":"purchasable","14":"product-type-simple"},"aioseo_notices":[],"_links":{"self":[{"href":"https:\/\/rslbaltic.eu\/en\/wp-json\/wp\/v2\/product\/908","targetHints":{"allow":["GET"]}}],"collection":[{"href":"https:\/\/rslbaltic.eu\/en\/wp-json\/wp\/v2\/product"}],"about":[{"href":"https:\/\/rslbaltic.eu\/en\/wp-json\/wp\/v2\/types\/product"}],"wp:featuredmedia":[{"embeddable":true,"href":"https:\/\/rslbaltic.eu\/en\/wp-json\/wp\/v2\/media\/911"}],"wp:attachment":[{"href":"https:\/\/rslbaltic.eu\/en\/wp-json\/wp\/v2\/media?parent=908"}],"wp:term":[{"taxonomy":"product_brand","embeddable":true,"href":"https:\/\/rslbaltic.eu\/en\/wp-json\/wp\/v2\/product_brand?post=908"},{"taxonomy":"product_cat","embeddable":true,"href":"https:\/\/rslbaltic.eu\/en\/wp-json\/wp\/v2\/product_cat?post=908"},{"taxonomy":"product_tag","embeddable":true,"href":"https:\/\/rslbaltic.eu\/en\/wp-json\/wp\/v2\/product_tag?post=908"}],"curies":[{"name":"wp","href":"https:\/\/api.w.org\/{rel}","templated":true}]}}