{"id":915,"date":"2026-01-13T13:06:50","date_gmt":"2026-01-13T13:06:50","guid":{"rendered":"https:\/\/rslbaltic.eu\/?post_type=product&#038;p=915"},"modified":"2026-02-24T11:34:45","modified_gmt":"2026-02-24T11:34:45","slug":"rsl-explorer-4-1-vezimelio-krepsys","status":"publish","type":"product","link":"https:\/\/rslbaltic.eu\/en\/product\/rsl-explorer-4-1-vezimelio-krepsys\/","title":{"rendered":"RSL Explorer 4.1 ve\u017eim\u0117lio krep\u0161ys"},"content":{"rendered":"<p>RSL Explorer 4.1 ve\u017eim\u0117lio krep\u0161ys<\/p>\n<p>Spalva: juoda, geltona<br \/>\nDydis: 720 x 330 x 360 mm<\/p>\n<p>Pagamintas i\u0161 patvari\u0173 ir ilgaam\u017ei\u0173 med\u017eiag\u0173<br \/>\nDidelis individualus skyrius, kuriame telpa 15 rake\u010di\u0173<br \/>\nSpecialus skyrius batams laikyti<br \/>\nGalima transportuoti ant ratuk\u0173<\/p>","protected":false},"excerpt":{"rendered":"<p>RSL Explorer 4.1 ve\u017eim\u0117lio krep\u0161ys<\/p>\n<p>Spalva: juoda, geltona<br \/>\nDydis: 720 x 330 x 360 mm<\/p>\n<p>Pagamintas i\u0161 patvari\u0173 ir ilgaam\u017ei\u0173 med\u017eiag\u0173<br \/>\nDidelis individualus skyrius, kuriame telpa 15 rake\u010di\u0173<br \/>\nSpecialus skyrius batams laikyti<br \/>\nGalima transportuoti ant ratuk\u0173<\/p>","protected":false},"featured_media":916,"template":"","meta":[],"product_brand":[],"product_cat":[57],"product_tag":[],"class_list":{"0":"post-915","1":"product","2":"type-product","3":"status-publish","4":"has-post-thumbnail","6":"product_cat-kuprines-krepsiai","8":"first","9":"onbackorder","10":"sale","11":"taxable","12":"shipping-taxable","13":"purchasable","14":"product-type-simple"},"aioseo_notices":[],"_links":{"self":[{"href":"https:\/\/rslbaltic.eu\/en\/wp-json\/wp\/v2\/product\/915","targetHints":{"allow":["GET"]}}],"collection":[{"href":"https:\/\/rslbaltic.eu\/en\/wp-json\/wp\/v2\/product"}],"about":[{"href":"https:\/\/rslbaltic.eu\/en\/wp-json\/wp\/v2\/types\/product"}],"wp:featuredmedia":[{"embeddable":true,"href":"https:\/\/rslbaltic.eu\/en\/wp-json\/wp\/v2\/media\/916"}],"wp:attachment":[{"href":"https:\/\/rslbaltic.eu\/en\/wp-json\/wp\/v2\/media?parent=915"}],"wp:term":[{"taxonomy":"product_brand","embeddable":true,"href":"https:\/\/rslbaltic.eu\/en\/wp-json\/wp\/v2\/product_brand?post=915"},{"taxonomy":"product_cat","embeddable":true,"href":"https:\/\/rslbaltic.eu\/en\/wp-json\/wp\/v2\/product_cat?post=915"},{"taxonomy":"product_tag","embeddable":true,"href":"https:\/\/rslbaltic.eu\/en\/wp-json\/wp\/v2\/product_tag?post=915"}],"curies":[{"name":"wp","href":"https:\/\/api.w.org\/{rel}","templated":true}]}}