{"id":919,"date":"2026-01-13T13:13:55","date_gmt":"2026-01-13T13:13:55","guid":{"rendered":"https:\/\/rslbaltic.eu\/?post_type=product&#038;p=919"},"modified":"2026-02-24T11:36:53","modified_gmt":"2026-02-24T11:36:53","slug":"rsl-explorer-3-6-sportinis-krepsys","status":"publish","type":"product","link":"https:\/\/rslbaltic.eu\/en\/product\/rsl-explorer-3-6-sportinis-krepsys\/","title":{"rendered":"RSL Explorer 3.6 sportinis krep\u0161ys"},"content":{"rendered":"<p>RSL Explorer 3.6 sportinis krep\u0161ys<\/p>\n<p>Spalva: juoda, raudona<br \/>\nDydis: 725 x 330 x 200 mm<\/p>\n<p>Atskiras rake\u010di\u0173 skyrius<br \/>\nKv\u0117puojantis bat\u0173 skyrius<br \/>\nDidelis ir lengvai pasiekiamas pagrindinis skyrius<br \/>\nDvi \u0161onin\u0117s ki\u0161en\u0117s su u\u017etrauktukais smulkiems daiktams<br \/>\nReguliuojamas pe\u010di\u0173 dir\u017eelis<br \/>\nVandeniui atsparios med\u017eiagos<br \/>\nMadingas dizainas<\/p>","protected":false},"excerpt":{"rendered":"<p>RSL Explorer 3.6 sportinis krep\u0161ys<\/p>\n<p>Spalva: juoda, raudona<br \/>\nDydis: 725 x 330 x 200 mm<\/p>\n<p>Atskiras rake\u010di\u0173 skyrius<br \/>\nKv\u0117puojantis bat\u0173 skyrius<br \/>\nDidelis ir lengvai pasiekiamas pagrindinis skyrius<br \/>\nDvi \u0161onin\u0117s ki\u0161en\u0117s su u\u017etrauktukais smulkiems daiktams<br \/>\nReguliuojamas pe\u010di\u0173 dir\u017eelis<br \/>\nVandeniui atsparios med\u017eiagos<br \/>\nMadingas dizainas<\/p>","protected":false},"featured_media":920,"template":"","meta":[],"product_brand":[],"product_cat":[57],"product_tag":[],"class_list":{"0":"post-919","1":"product","2":"type-product","3":"status-publish","4":"has-post-thumbnail","6":"product_cat-kuprines-krepsiai","8":"first","9":"onbackorder","10":"sale","11":"taxable","12":"shipping-taxable","13":"purchasable","14":"product-type-simple"},"aioseo_notices":[],"_links":{"self":[{"href":"https:\/\/rslbaltic.eu\/en\/wp-json\/wp\/v2\/product\/919","targetHints":{"allow":["GET"]}}],"collection":[{"href":"https:\/\/rslbaltic.eu\/en\/wp-json\/wp\/v2\/product"}],"about":[{"href":"https:\/\/rslbaltic.eu\/en\/wp-json\/wp\/v2\/types\/product"}],"wp:featuredmedia":[{"embeddable":true,"href":"https:\/\/rslbaltic.eu\/en\/wp-json\/wp\/v2\/media\/920"}],"wp:attachment":[{"href":"https:\/\/rslbaltic.eu\/en\/wp-json\/wp\/v2\/media?parent=919"}],"wp:term":[{"taxonomy":"product_brand","embeddable":true,"href":"https:\/\/rslbaltic.eu\/en\/wp-json\/wp\/v2\/product_brand?post=919"},{"taxonomy":"product_cat","embeddable":true,"href":"https:\/\/rslbaltic.eu\/en\/wp-json\/wp\/v2\/product_cat?post=919"},{"taxonomy":"product_tag","embeddable":true,"href":"https:\/\/rslbaltic.eu\/en\/wp-json\/wp\/v2\/product_tag?post=919"}],"curies":[{"name":"wp","href":"https:\/\/api.w.org\/{rel}","templated":true}]}}