{"id":928,"date":"2026-01-13T13:18:07","date_gmt":"2026-01-13T13:18:07","guid":{"rendered":"https:\/\/rslbaltic.eu\/?post_type=product&#038;p=928"},"modified":"2026-02-24T11:22:39","modified_gmt":"2026-02-24T11:22:39","slug":"rsl-turnyru-kvadratinis-krepsys","status":"publish","type":"product","link":"https:\/\/rslbaltic.eu\/en\/product\/rsl-turnyru-kvadratinis-krepsys\/","title":{"rendered":"RSL turnyr\u0173 kvadratinis krep\u0161ys"},"content":{"rendered":"<p>RSL Tour Square krep\u0161ys<\/p>\n<p>Spalva: juoda, pilka<br \/>\nDydis: 730 x 240 x 320 mm<\/p>\n<p>RSL Tour Square krep\u0161ys skirtas ambicingam \u017eaid\u0117jui, kuriam reikia vietos visai badmintono \u012frangai tiek treniruot\u0117ms, tiek var\u017eyboms.<br \/>\n\u0160is krep\u0161ys turi termo skyri\u0173 raket\u0117ms, skyri\u0173 batams ir kelet\u0105 skyri\u0173 kitiems susijusiems daiktams.<\/p>","protected":false},"excerpt":{"rendered":"<p>RSL Tour Square krep\u0161ys<\/p>\n<p>Spalva: juoda, pilka<br \/>\nDydis: 730 x 240 x 320 mm<\/p>\n<p>RSL Tour Square krep\u0161ys skirtas ambicingam \u017eaid\u0117jui, kuriam reikia vietos visai badmintono \u012frangai tiek treniruot\u0117ms, tiek var\u017eyboms.<br \/>\n\u0160is krep\u0161ys turi termo skyri\u0173 raket\u0117ms, skyri\u0173 batams ir kelet\u0105 skyri\u0173 kitiems susijusiems daiktams.<\/p>","protected":false},"featured_media":929,"template":"","meta":[],"product_brand":[],"product_cat":[57],"product_tag":[],"class_list":{"0":"post-928","1":"product","2":"type-product","3":"status-publish","4":"has-post-thumbnail","6":"product_cat-kuprines-krepsiai","8":"first","9":"onbackorder","10":"sale","11":"taxable","12":"shipping-taxable","13":"purchasable","14":"product-type-simple"},"aioseo_notices":[],"_links":{"self":[{"href":"https:\/\/rslbaltic.eu\/en\/wp-json\/wp\/v2\/product\/928","targetHints":{"allow":["GET"]}}],"collection":[{"href":"https:\/\/rslbaltic.eu\/en\/wp-json\/wp\/v2\/product"}],"about":[{"href":"https:\/\/rslbaltic.eu\/en\/wp-json\/wp\/v2\/types\/product"}],"wp:featuredmedia":[{"embeddable":true,"href":"https:\/\/rslbaltic.eu\/en\/wp-json\/wp\/v2\/media\/929"}],"wp:attachment":[{"href":"https:\/\/rslbaltic.eu\/en\/wp-json\/wp\/v2\/media?parent=928"}],"wp:term":[{"taxonomy":"product_brand","embeddable":true,"href":"https:\/\/rslbaltic.eu\/en\/wp-json\/wp\/v2\/product_brand?post=928"},{"taxonomy":"product_cat","embeddable":true,"href":"https:\/\/rslbaltic.eu\/en\/wp-json\/wp\/v2\/product_cat?post=928"},{"taxonomy":"product_tag","embeddable":true,"href":"https:\/\/rslbaltic.eu\/en\/wp-json\/wp\/v2\/product_tag?post=928"}],"curies":[{"name":"wp","href":"https:\/\/api.w.org\/{rel}","templated":true}]}}