{"id":932,"date":"2026-01-13T13:21:52","date_gmt":"2026-01-13T13:21:52","guid":{"rendered":"https:\/\/rslbaltic.eu\/?post_type=product&#038;p=932"},"modified":"2026-02-24T11:21:34","modified_gmt":"2026-02-24T11:21:34","slug":"rsl-turnyru-kuprine","status":"publish","type":"product","link":"https:\/\/rslbaltic.eu\/en\/product\/rsl-turnyru-kuprine\/","title":{"rendered":"RSL turnyr\u0173 kuprin\u0117"},"content":{"rendered":"<p>RSL Tour kuprin\u0117<\/p>\n<p>Spalva: juoda\/pilka<\/p>\n<p>Dydis: 500 x 300 x 220 mm<\/p>\n<p>Auk\u0161tos kokyb\u0117s daugiafunkcin\u0117 kuprin\u0117.<br \/>\nYra skyriai raketei, ne\u0161iojamam kompiuteriui ir batams.<br \/>\nIdealiai tinka tiek sportui, tiek laisvalaikiui.<\/p>","protected":false},"excerpt":{"rendered":"<p>RSL Tour kuprin\u0117<\/p>\n<p>Spalva: juoda\/pilka<\/p>\n<p>Dydis: 500 x 300 x 220 mm<\/p>\n<p>Auk\u0161tos kokyb\u0117s daugiafunkcin\u0117 kuprin\u0117.<br \/>\nYra skyriai raketei, ne\u0161iojamam kompiuteriui ir batams.<br \/>\nIdealiai tinka tiek sportui, tiek laisvalaikiui.<\/p>","protected":false},"featured_media":933,"template":"","meta":[],"product_brand":[],"product_cat":[57],"product_tag":[],"class_list":{"0":"post-932","1":"product","2":"type-product","3":"status-publish","4":"has-post-thumbnail","6":"product_cat-kuprines-krepsiai","8":"first","9":"onbackorder","10":"sale","11":"taxable","12":"shipping-taxable","13":"purchasable","14":"product-type-simple"},"aioseo_notices":[],"_links":{"self":[{"href":"https:\/\/rslbaltic.eu\/en\/wp-json\/wp\/v2\/product\/932","targetHints":{"allow":["GET"]}}],"collection":[{"href":"https:\/\/rslbaltic.eu\/en\/wp-json\/wp\/v2\/product"}],"about":[{"href":"https:\/\/rslbaltic.eu\/en\/wp-json\/wp\/v2\/types\/product"}],"wp:featuredmedia":[{"embeddable":true,"href":"https:\/\/rslbaltic.eu\/en\/wp-json\/wp\/v2\/media\/933"}],"wp:attachment":[{"href":"https:\/\/rslbaltic.eu\/en\/wp-json\/wp\/v2\/media?parent=932"}],"wp:term":[{"taxonomy":"product_brand","embeddable":true,"href":"https:\/\/rslbaltic.eu\/en\/wp-json\/wp\/v2\/product_brand?post=932"},{"taxonomy":"product_cat","embeddable":true,"href":"https:\/\/rslbaltic.eu\/en\/wp-json\/wp\/v2\/product_cat?post=932"},{"taxonomy":"product_tag","embeddable":true,"href":"https:\/\/rslbaltic.eu\/en\/wp-json\/wp\/v2\/product_tag?post=932"}],"curies":[{"name":"wp","href":"https:\/\/api.w.org\/{rel}","templated":true}]}}