{"id":946,"date":"2026-01-13T13:36:58","date_gmt":"2026-01-13T13:36:58","guid":{"rendered":"https:\/\/rslbaltic.eu\/?post_type=product&#038;p=946"},"modified":"2026-02-24T11:33:49","modified_gmt":"2026-02-24T11:33:49","slug":"rsl-komandinis-rakeciu-krepsys-x-6","status":"publish","type":"product","link":"https:\/\/rslbaltic.eu\/en\/product\/rsl-komandinis-rakeciu-krepsys-x-6\/","title":{"rendered":"RSL komandinis rake\u010di\u0173 krep\u0161ys x 6"},"content":{"rendered":"<p>\u201eRSL Team Racket Bag x 6\u201c\u2013 puikus krep\u0161ys badmintono \u017eaid\u0117jams, ie\u0161kantiems stiliaus ir funkcionalumo.<br \/>\nJame telpa iki 6 rake\u010di\u0173, tod\u0117l jame yra daug vietos tiek \u012frangai, tiek priedams. Krep\u0161yje yra keli atskiri skyriai, tod\u0117l lengva susid\u0117ti raketes, batus, plunksneles ir asmeninius daiktus.<\/p>","protected":false},"excerpt":{"rendered":"<p>\u201eRSL Team Racket Bag x 6\u201c m\u0117lynas \u2013 puikus krep\u0161ys badmintono \u017eaid\u0117jams, ie\u0161kantiems stiliaus ir funkcionalumo.<br \/>\nJame telpa iki 6 rake\u010di\u0173, tod\u0117l jame yra daug vietos tiek \u012frangai, tiek priedams. Krep\u0161yje yra keli atskiri skyriai, tod\u0117l lengva susid\u0117ti raketes, batus, plunksneles ir asmeninius daiktus.<\/p>","protected":false},"featured_media":949,"template":"","meta":[],"product_brand":[],"product_cat":[57],"product_tag":[],"class_list":{"0":"post-946","1":"product","2":"type-product","3":"status-publish","4":"has-post-thumbnail","6":"product_cat-kuprines-krepsiai","8":"first","9":"onbackorder","10":"sale","11":"taxable","12":"shipping-taxable","13":"purchasable","14":"product-type-variable"},"aioseo_notices":[],"_links":{"self":[{"href":"https:\/\/rslbaltic.eu\/en\/wp-json\/wp\/v2\/product\/946","targetHints":{"allow":["GET"]}}],"collection":[{"href":"https:\/\/rslbaltic.eu\/en\/wp-json\/wp\/v2\/product"}],"about":[{"href":"https:\/\/rslbaltic.eu\/en\/wp-json\/wp\/v2\/types\/product"}],"wp:featuredmedia":[{"embeddable":true,"href":"https:\/\/rslbaltic.eu\/en\/wp-json\/wp\/v2\/media\/949"}],"wp:attachment":[{"href":"https:\/\/rslbaltic.eu\/en\/wp-json\/wp\/v2\/media?parent=946"}],"wp:term":[{"taxonomy":"product_brand","embeddable":true,"href":"https:\/\/rslbaltic.eu\/en\/wp-json\/wp\/v2\/product_brand?post=946"},{"taxonomy":"product_cat","embeddable":true,"href":"https:\/\/rslbaltic.eu\/en\/wp-json\/wp\/v2\/product_cat?post=946"},{"taxonomy":"product_tag","embeddable":true,"href":"https:\/\/rslbaltic.eu\/en\/wp-json\/wp\/v2\/product_tag?post=946"}],"curies":[{"name":"wp","href":"https:\/\/api.w.org\/{rel}","templated":true}]}}