{"id":968,"date":"2026-01-13T14:04:50","date_gmt":"2026-01-13T14:04:50","guid":{"rendered":"https:\/\/rslbaltic.eu\/?post_type=product&#038;p=968"},"modified":"2026-02-24T12:22:40","modified_gmt":"2026-02-24T12:22:40","slug":"rsl-apviju-x-60-dezute","status":"publish","type":"product","link":"https:\/\/rslbaltic.eu\/en\/product\/rsl-apviju-x-60-dezute\/","title":{"rendered":"RSL Apvij\u0173 x 60 d\u0117\u017eut\u0117"},"content":{"rendered":"<p>RSL u\u017espaud\u017eiamos rankenos saldaini\u0173 d\u0117\u017eut\u0117je<\/p>\n<p>Sud\u0117tyje yra 60 u\u017espaud\u017eiam\u0173 ranken\u0173<\/p>\n<p>Auk\u0161tos kokyb\u0117s u\u017espaud\u017eiamos rankenos, sukurtos u\u017etikrinti puik\u0173 sukibim\u0105, komfort\u0105 ir dr\u0117gm\u0117s sug\u0117rim\u0105 \u017eaidimo metu.<br \/>\nPuikiai tinka badmintonui, tenisui ir kitoms rake\u010di\u0173 sporto \u0161akoms.<br \/>\nSupakuota patogioje saldaini\u0173 d\u0117\u017eut\u0117je, kad b\u016bt\u0173 lengva laikyti ir organizuoti.<\/p>\n<p>Idealiai tinka \u017eaid\u0117jams, kurie aik\u0161tel\u0117je nori ir na\u0161umo, ir stiliaus.<\/p>","protected":false},"excerpt":{"rendered":"<p>RSL u\u017espaud\u017eiamos rankenos saldaini\u0173 d\u0117\u017eut\u0117je<\/p>\n<p>Sud\u0117tyje yra 60 u\u017espaud\u017eiam\u0173 ranken\u0173<\/p>\n<p>Auk\u0161tos kokyb\u0117s u\u017espaud\u017eiamos rankenos, sukurtos u\u017etikrinti puik\u0173 sukibim\u0105, komfort\u0105 ir dr\u0117gm\u0117s sug\u0117rim\u0105 \u017eaidimo metu.<br \/>\nPuikiai tinka badmintonui, tenisui ir kitoms rake\u010di\u0173 sporto \u0161akoms.<br \/>\nSupakuota patogioje saldaini\u0173 d\u0117\u017eut\u0117je, kad b\u016bt\u0173 lengva laikyti ir organizuoti.<\/p>\n<p>Idealiai tinka \u017eaid\u0117jams, kurie aik\u0161tel\u0117je nori ir na\u0161umo, ir stiliaus.<\/p>","protected":false},"featured_media":974,"template":"","meta":[],"product_brand":[],"product_cat":[58],"product_tag":[],"class_list":{"0":"post-968","1":"product","2":"type-product","3":"status-publish","4":"has-post-thumbnail","6":"product_cat-aksesuarai","8":"first","9":"instock","10":"sale","11":"taxable","12":"shipping-taxable","13":"purchasable","14":"product-type-variable"},"aioseo_notices":[],"_links":{"self":[{"href":"https:\/\/rslbaltic.eu\/en\/wp-json\/wp\/v2\/product\/968","targetHints":{"allow":["GET"]}}],"collection":[{"href":"https:\/\/rslbaltic.eu\/en\/wp-json\/wp\/v2\/product"}],"about":[{"href":"https:\/\/rslbaltic.eu\/en\/wp-json\/wp\/v2\/types\/product"}],"wp:featuredmedia":[{"embeddable":true,"href":"https:\/\/rslbaltic.eu\/en\/wp-json\/wp\/v2\/media\/974"}],"wp:attachment":[{"href":"https:\/\/rslbaltic.eu\/en\/wp-json\/wp\/v2\/media?parent=968"}],"wp:term":[{"taxonomy":"product_brand","embeddable":true,"href":"https:\/\/rslbaltic.eu\/en\/wp-json\/wp\/v2\/product_brand?post=968"},{"taxonomy":"product_cat","embeddable":true,"href":"https:\/\/rslbaltic.eu\/en\/wp-json\/wp\/v2\/product_cat?post=968"},{"taxonomy":"product_tag","embeddable":true,"href":"https:\/\/rslbaltic.eu\/en\/wp-json\/wp\/v2\/product_tag?post=968"}],"curies":[{"name":"wp","href":"https:\/\/api.w.org\/{rel}","templated":true}]}}