{"id":997,"date":"2026-01-13T14:21:39","date_gmt":"2026-01-13T14:21:39","guid":{"rendered":"https:\/\/rslbaltic.eu\/?post_type=product&#038;p=997"},"modified":"2026-02-24T12:16:53","modified_gmt":"2026-02-24T12:16:53","slug":"rsl-apvijos-3-vnt","status":"publish","type":"product","link":"https:\/\/rslbaltic.eu\/en\/product\/rsl-apvijos-3-vnt\/","title":{"rendered":"RSL apvijos 3 vnt"},"content":{"rendered":"<p>RSL u\u017esegimo rankena<\/p>\n<p>Pakuot\u0117je yra 3 u\u017esegimo rankenos.<br \/>\nTinka vis\u0173 tip\u0173 raket\u0117ms.<br \/>\nPrek\u0117s Nr. 520-WHITE<\/p>\n<p>U\u017etikrina puik\u0173 sukibim\u0105, didel\u012f komfort\u0105 ir efektyvi\u0105 prakaito sug\u0117rim\u0105 \u017eaidimo metu.<br \/>\nIdealiai tinka badmintonui, tenisui ir kitoms rake\u010di\u0173 sporto \u0161akoms.<\/p>","protected":false},"excerpt":{"rendered":"<p>RSL u\u017esegimo rankena<\/p>\n<p>Pakuot\u0117je yra 3 u\u017esegimo rankenos.<br \/>\nTinka vis\u0173 tip\u0173 raket\u0117ms.<br \/>\nPrek\u0117s Nr. 520-WHITE<\/p>\n<p>U\u017etikrina puik\u0173 sukibim\u0105, didel\u012f komfort\u0105 ir efektyvi\u0105 prakaito sug\u0117rim\u0105 \u017eaidimo metu.<br \/>\nIdealiai tinka badmintonui, tenisui ir kitoms rake\u010di\u0173 sporto \u0161akoms.<\/p>","protected":false},"featured_media":998,"template":"","meta":[],"product_brand":[],"product_cat":[58],"product_tag":[],"class_list":{"0":"post-997","1":"product","2":"type-product","3":"status-publish","4":"has-post-thumbnail","6":"product_cat-aksesuarai","8":"first","9":"onbackorder","10":"sale","11":"taxable","12":"shipping-taxable","13":"purchasable","14":"product-type-variable"},"aioseo_notices":[],"_links":{"self":[{"href":"https:\/\/rslbaltic.eu\/en\/wp-json\/wp\/v2\/product\/997","targetHints":{"allow":["GET"]}}],"collection":[{"href":"https:\/\/rslbaltic.eu\/en\/wp-json\/wp\/v2\/product"}],"about":[{"href":"https:\/\/rslbaltic.eu\/en\/wp-json\/wp\/v2\/types\/product"}],"wp:featuredmedia":[{"embeddable":true,"href":"https:\/\/rslbaltic.eu\/en\/wp-json\/wp\/v2\/media\/998"}],"wp:attachment":[{"href":"https:\/\/rslbaltic.eu\/en\/wp-json\/wp\/v2\/media?parent=997"}],"wp:term":[{"taxonomy":"product_brand","embeddable":true,"href":"https:\/\/rslbaltic.eu\/en\/wp-json\/wp\/v2\/product_brand?post=997"},{"taxonomy":"product_cat","embeddable":true,"href":"https:\/\/rslbaltic.eu\/en\/wp-json\/wp\/v2\/product_cat?post=997"},{"taxonomy":"product_tag","embeddable":true,"href":"https:\/\/rslbaltic.eu\/en\/wp-json\/wp\/v2\/product_tag?post=997"}],"curies":[{"name":"wp","href":"https:\/\/api.w.org\/{rel}","templated":true}]}}